{"id":1238,"date":"2021-05-04T12:34:20","date_gmt":"2021-05-04T12:34:20","guid":{"rendered":"http:\/\/www.opusdesmuses.com\/opus\/?page_id=1238"},"modified":"2024-12-04T16:14:37","modified_gmt":"2024-12-04T16:14:37","slug":"nonetto-jubiloso","status":"publish","type":"page","link":"https:\/\/www.opusdesmuses.com\/opus\/nonetto-jubiloso\/","title":{"rendered":"Nonetto Jubiloso"},"content":{"rendered":"<p>[et_pb_section fb_built=\u00a0\u00bb1&Prime; admin_label=\u00a0\u00bbCalls to Action\u00a0\u00bb _builder_version=\u00a0\u00bb4.16&Prime; background_color=\u00a0\u00bb#000000&Prime; global_colors_info=\u00a0\u00bb{}\u00a0\u00bb][et_pb_row _builder_version=\u00a0\u00bb4.16&Prime; custom_padding=\u00a0\u00bb|||0px||\u00a0\u00bb global_colors_info=\u00a0\u00bb{}\u00a0\u00bb][et_pb_column type=\u00a0\u00bb4_4&Prime; _builder_version=\u00a0\u00bb4.16&Prime; global_colors_info=\u00a0\u00bb{}\u00a0\u00bb][et_pb_text _builder_version=\u00a0\u00bb4.16&Prime; text_text_color=\u00a0\u00bbrgba(255,255,255,0.5)\u00a0\u00bb text_font_size=\u00a0\u00bb16px\u00a0\u00bb text_line_height=\u00a0\u00bb1.8em\u00a0\u00bb header_2_font=\u00a0\u00bbMontserrat|300|||||||\u00a0\u00bb header_2_font_size=\u00a0\u00bb70px\u00a0\u00bb header_2_line_height=\u00a0\u00bb1.2em\u00a0\u00bb header_3_font=\u00a0\u00bbMontserrat|700||on|||||\u00a0\u00bb header_3_text_color=\u00a0\u00bb#f9002b\u00a0\u00bb header_3_font_size=\u00a0\u00bb16px\u00a0\u00bb header_3_letter_spacing=\u00a0\u00bb2px\u00a0\u00bb header_3_line_height=\u00a0\u00bb1.4em\u00a0\u00bb background_layout=\u00a0\u00bbdark\u00a0\u00bb custom_margin=\u00a0\u00bb||-17px|||\u00a0\u00bb header_2_font_size_tablet=\u00a0\u00bb40px\u00a0\u00bb header_2_font_size_phone=\u00a0\u00bb30px\u00a0\u00bb header_2_font_size_last_edited=\u00a0\u00bbon|phone\u00a0\u00bb header_3_font_size_tablet=\u00a0\u00bb14px\u00a0\u00bb header_3_font_size_phone=\u00a0\u00bb\u00a0\u00bb header_3_font_size_last_edited=\u00a0\u00bbon|phone\u00a0\u00bb text_text_align=\u00a0\u00bbleft\u00a0\u00bb locked=\u00a0\u00bboff\u00a0\u00bb global_colors_info=\u00a0\u00bb{}\u00a0\u00bb]<\/p>\n<h2><strong>nonetto <\/strong>jubiloso<\/h2>\n<p style=\"margin-bottom: 0cm;\"><span style=\"font-size: large;\" size=\"4\">\u00a0<\/span><\/p>\n<p>[\/et_pb_text][\/et_pb_column][\/et_pb_row][et_pb_row _builder_version=\u00a0\u00bb4.23.4&Prime; _module_preset=\u00a0\u00bbdefault\u00a0\u00bb][et_pb_column _builder_version=\u00a0\u00bb4.23.4&Prime; _module_preset=\u00a0\u00bbdefault\u00a0\u00bb type=\u00a0\u00bb4_4&Prime;][et_pb_image src=\u00a0\u00bbhttps:\/\/www.opusdesmuses.com\/opus\/wp-content\/uploads\/2024\/02\/Nonetto-1.jpg\u00a0\u00bb _builder_version=\u00a0\u00bb4.23.4&Prime; _module_preset=\u00a0\u00bbdefault\u00a0\u00bb title_text=\u00a0\u00bbNonetto 1&Prime; hover_enabled=\u00a0\u00bb0&Prime; sticky_enabled=\u00a0\u00bb0&Prime;][\/et_pb_image][\/et_pb_column][\/et_pb_row][et_pb_row _builder_version=\u00a0\u00bb4.23.4&Prime; _module_preset=\u00a0\u00bbdefault\u00a0\u00bb][et_pb_column _builder_version=\u00a0\u00bb4.23.4&Prime; _module_preset=\u00a0\u00bbdefault\u00a0\u00bb type=\u00a0\u00bb4_4&Prime;][et_pb_button button_text=\u00a0\u00bbVID\u00c9O\u00a0\u00bb _builder_version=\u00a0\u00bb4.23.4&Prime; _module_preset=\u00a0\u00bbdefault\u00a0\u00bb button_url=\u00a0\u00bbhttps:\/\/youtu.be\/5_RWDV3_V3w?si=aPDUEXEgw6j6mbRG\u00a0\u00bb hover_enabled=\u00a0\u00bb0&Prime; sticky_enabled=\u00a0\u00bb0&Prime;][\/et_pb_button][\/et_pb_column][\/et_pb_row][et_pb_row _builder_version=\u00a0\u00bb4.23.4&Prime; _module_preset=\u00a0\u00bbdefault\u00a0\u00bb][et_pb_column _builder_version=\u00a0\u00bb4.23.4&Prime; _module_preset=\u00a0\u00bbdefault\u00a0\u00bb type=\u00a0\u00bb4_4&Prime;][et_pb_text _builder_version=\u00a0\u00bb4.23.4&Prime; _module_preset=\u00a0\u00bbdefault\u00a0\u00bb text_font_size=\u00a0\u00bb17px\u00a0\u00bb hover_enabled=\u00a0\u00bb0&Prime; sticky_enabled=\u00a0\u00bb0&Prime;]<\/p>\n<p class=\"p1\"><span style=\"color: #ffffff;\">Le Nonetto Jubiloso est un ensemble instrumental regroupant 9 musiciens : la fl\u00fbte, le hautbois, la clarinette, le basson, le cor, le violon, l\u2019alto, le violoncelle et la contrebasse.<\/span><\/p>\n<p class=\"p2\">\n<p class=\"p1\"><span style=\"color: #ffffff;\">On peut le consid\u00e9rer \u00e0 ce titre comme un orchestre symphonique miniature, ouvrant ainsi le champ \u00e0 d\u2019innombrables possibilit\u00e9s\u00a0de r\u00e9pertoire ; ses combinaisons instrumentales lui permettent d\u2019associer le caract\u00e8re intimiste de la musique de chambre \u00e0 la puissance d\u2019un orchestre.<\/span><\/p>\n<p class=\"p2\">\n<p class=\"p1\"><span style=\"color: #ffffff;\">Ce nonetto cr\u00e9\u00e9 en 2021 est unique dans la r\u00e9gion du Grand Sud de la France.<\/span><\/p>\n<p class=\"p2\">\n<p class=\"p1\"><span style=\"color: #ffffff;\">Il rassemble des musiciens professionnels issus de grandes structures musicales de la R\u00e9gion Occitanie,\u00a0notamment les Conservatoires \u00e0 Rayonnement R\u00e9gional, le P\u00f4le Sup\u00e9rieur de Toulouse et l\u2019Orchestre National de Montpellier.<\/span><\/p>\n<p class=\"p2\">\n<p class=\"p1\"><span style=\"color: #ffffff;\">Curieux et passionn\u00e9s, les musiciens et leur chef vous offriront une exp\u00e9rience musicale singuli\u00e8re. A la fois tourn\u00e9 vers la cr\u00e9ation et la musique du XX\u00b0 si\u00e8cle (voire du XXI\u00b0), le Nonetto Jubiloso interpr\u00e8te avec autant de bonheur le grand r\u00e9pertoire classique et romantique, les valses de Strauss, des tangos de Piazzolla ou des extraits de Carmen de Bizet.<\/span><\/p>\n<p class=\"p3\">\n<p class=\"p1\"><span style=\"color: #ffffff;\">Cet ensemble original, maniable, adaptable \u00e0 la plupart des structures d\u2019accueil peut donc vous proposer des programmes \u201c\u00e0 la carte\u201d. Il est possible de les concevoir avec vous afin de r\u00e9pondre au plus juste \u00e0 votre attente et \u00e0 celle de votre public.<\/span><\/p>\n<p>[\/et_pb_text][\/et_pb_column][\/et_pb_row][et_pb_row _builder_version=\u00a0\u00bb4.23.4&Prime; _module_preset=\u00a0\u00bbdefault\u00a0\u00bb column_structure=\u00a0\u00bb1_2,1_2&Prime;][et_pb_column _builder_version=\u00a0\u00bb4.23.4&Prime; _module_preset=\u00a0\u00bbdefault\u00a0\u00bb type=\u00a0\u00bb1_2&Prime;][et_pb_image src=\u00a0\u00bbhttps:\/\/www.opusdesmuses.com\/opus\/wp-content\/uploads\/2024\/07\/Affiche-Notes-decume.jpg\u00a0\u00bb _builder_version=\u00a0\u00bb4.23.4&Prime; _module_preset=\u00a0\u00bbdefault\u00a0\u00bb title_text=\u00a0\u00bbAffiche Notes d&rsquo;e\u0301cume\u00a0\u00bb hover_enabled=\u00a0\u00bb0&Prime; sticky_enabled=\u00a0\u00bb0&Prime;][\/et_pb_image][\/et_pb_column][et_pb_column _builder_version=\u00a0\u00bb4.23.4&Prime; _module_preset=\u00a0\u00bbdefault\u00a0\u00bb type=\u00a0\u00bb1_2&Prime;][et_pb_image src=\u00a0\u00bbhttps:\/\/www.opusdesmuses.com\/opus\/wp-content\/uploads\/2024\/10\/Nonetto-Gigean.jpg\u00a0\u00bb _builder_version=\u00a0\u00bb4.23.4&Prime; _module_preset=\u00a0\u00bbdefault\u00a0\u00bb title_text=\u00a0\u00bbNonetto Gigean\u00a0\u00bb hover_enabled=\u00a0\u00bb0&Prime; sticky_enabled=\u00a0\u00bb0&Prime;][\/et_pb_image][\/et_pb_column][\/et_pb_row][et_pb_row _builder_version=\u00a0\u00bb4.23.4&Prime; _module_preset=\u00a0\u00bbdefault\u00a0\u00bb][et_pb_column _builder_version=\u00a0\u00bb4.23.4&Prime; _module_preset=\u00a0\u00bbdefault\u00a0\u00bb type=\u00a0\u00bb4_4&Prime;][et_pb_text _builder_version=\u00a0\u00bb4.23.4&Prime; _module_preset=\u00a0\u00bbdefault\u00a0\u00bb text_font_size=\u00a0\u00bb31px\u00a0\u00bb hover_enabled=\u00a0\u00bb0&Prime; sticky_enabled=\u00a0\u00bb0&Prime;]<\/p>\n<p><span style=\"color: #ffffff;\">Prochains concerts d\u00e9cembre 2024<\/span><\/p>\n<p><span style=\"color: #ffffff;\">Labeaume en musiques<\/span><\/p>\n<blockquote class=\"wp-embedded-content\" data-secret=\"8r8MhxImuD\"><p><a href=\"https:\/\/labeaume-musiques.fr\/saison-2024-2025\/nonetto-jubiloso\/\">Nonetto Jubiloso<\/a><\/p><\/blockquote>\n<p><iframe loading=\"lazy\" class=\"wp-embedded-content\" sandbox=\"allow-scripts\" security=\"restricted\" style=\"position: absolute; visibility: hidden;\" title=\"\u00ab\u00a0Nonetto Jubiloso\u00a0\u00bb &#8212; Labeaume en musiques\" src=\"https:\/\/labeaume-musiques.fr\/saison-2024-2025\/nonetto-jubiloso\/embed\/#?secret=RMACBSNx7E#?secret=8r8MhxImuD\" data-secret=\"8r8MhxImuD\" width=\"600\" height=\"338\" frameborder=\"0\" marginwidth=\"0\" marginheight=\"0\" scrolling=\"no\"><\/iframe><\/p>\n<p>[\/et_pb_text][\/et_pb_column][\/et_pb_row][\/et_pb_section]<\/p>\n","protected":false},"excerpt":{"rendered":"<p>nonetto jubiloso \u00a0Le Nonetto Jubiloso est un ensemble instrumental regroupant 9 musiciens : la fl\u00fbte, le hautbois, la clarinette, le basson, le cor, le violon, l\u2019alto, le violoncelle et la contrebasse. On peut le consid\u00e9rer \u00e0 ce titre comme un orchestre symphonique miniature, ouvrant ainsi le champ \u00e0 d\u2019innombrables possibilit\u00e9s\u00a0de r\u00e9pertoire ; ses combinaisons instrumentales [&hellip;]<\/p>\n","protected":false},"author":1,"featured_media":0,"parent":0,"menu_order":0,"comment_status":"closed","ping_status":"closed","template":"","meta":{"_et_pb_use_builder":"on","_et_pb_old_content":"","_et_gb_content_width":"","footnotes":""},"class_list":["post-1238","page","type-page","status-publish","hentry"],"_links":{"self":[{"href":"https:\/\/www.opusdesmuses.com\/opus\/wp-json\/wp\/v2\/pages\/1238","targetHints":{"allow":["GET"]}}],"collection":[{"href":"https:\/\/www.opusdesmuses.com\/opus\/wp-json\/wp\/v2\/pages"}],"about":[{"href":"https:\/\/www.opusdesmuses.com\/opus\/wp-json\/wp\/v2\/types\/page"}],"author":[{"embeddable":true,"href":"https:\/\/www.opusdesmuses.com\/opus\/wp-json\/wp\/v2\/users\/1"}],"replies":[{"embeddable":true,"href":"https:\/\/www.opusdesmuses.com\/opus\/wp-json\/wp\/v2\/comments?post=1238"}],"version-history":[{"count":19,"href":"https:\/\/www.opusdesmuses.com\/opus\/wp-json\/wp\/v2\/pages\/1238\/revisions"}],"predecessor-version":[{"id":2371,"href":"https:\/\/www.opusdesmuses.com\/opus\/wp-json\/wp\/v2\/pages\/1238\/revisions\/2371"}],"wp:attachment":[{"href":"https:\/\/www.opusdesmuses.com\/opus\/wp-json\/wp\/v2\/media?parent=1238"}],"curies":[{"name":"wp","href":"https:\/\/api.w.org\/{rel}","templated":true}]}}