{"id":180,"date":"2020-01-07T09:19:20","date_gmt":"2020-01-07T09:19:20","guid":{"rendered":"http:\/\/www.opusdesmuses.com\/opus\/?page_id=180"},"modified":"2024-02-06T11:46:00","modified_gmt":"2024-02-06T11:46:00","slug":"philipp-larsen","status":"publish","type":"page","link":"https:\/\/www.opusdesmuses.com\/opus\/philipp-larsen\/","title":{"rendered":"Philipp Larsen"},"content":{"rendered":"<p>[et_pb_section fb_built=\u00a0\u00bb1&Prime; admin_label=\u00a0\u00bbCalls to Action\u00a0\u00bb _builder_version=\u00a0\u00bb4.16&Prime; background_color=\u00a0\u00bb#000000&Prime; global_colors_info=\u00a0\u00bb{}\u00a0\u00bb][et_pb_row _builder_version=\u00a0\u00bb4.16&Prime; custom_padding=\u00a0\u00bb|||0px||\u00a0\u00bb global_colors_info=\u00a0\u00bb{}\u00a0\u00bb][et_pb_column type=\u00a0\u00bb4_4&Prime; _builder_version=\u00a0\u00bb4.16&Prime; global_colors_info=\u00a0\u00bb{}\u00a0\u00bb][et_pb_text _builder_version=\u00a0\u00bb4.16&Prime; text_text_color=\u00a0\u00bbrgba(255,255,255,0.5)\u00a0\u00bb text_font_size=\u00a0\u00bb16px\u00a0\u00bb text_line_height=\u00a0\u00bb1.8em\u00a0\u00bb header_2_font=\u00a0\u00bbMontserrat|300|||||||\u00a0\u00bb header_2_font_size=\u00a0\u00bb70px\u00a0\u00bb header_2_line_height=\u00a0\u00bb1.2em\u00a0\u00bb header_3_font=\u00a0\u00bbMontserrat|700||on|||||\u00a0\u00bb header_3_text_color=\u00a0\u00bb#f9002b\u00a0\u00bb header_3_font_size=\u00a0\u00bb16px\u00a0\u00bb header_3_letter_spacing=\u00a0\u00bb2px\u00a0\u00bb header_3_line_height=\u00a0\u00bb1.4em\u00a0\u00bb background_layout=\u00a0\u00bbdark\u00a0\u00bb custom_margin=\u00a0\u00bb||-17px|||\u00a0\u00bb header_2_font_size_tablet=\u00a0\u00bb40px\u00a0\u00bb header_2_font_size_phone=\u00a0\u00bb30px\u00a0\u00bb header_2_font_size_last_edited=\u00a0\u00bbon|phone\u00a0\u00bb header_3_font_size_tablet=\u00a0\u00bb14px\u00a0\u00bb header_3_font_size_phone=\u00a0\u00bb\u00a0\u00bb header_3_font_size_last_edited=\u00a0\u00bbon|phone\u00a0\u00bb text_text_align=\u00a0\u00bbleft\u00a0\u00bb locked=\u00a0\u00bboff\u00a0\u00bb global_colors_info=\u00a0\u00bb{}\u00a0\u00bb]<\/p>\n<h2><strong>Philipp <\/strong>Larsen<\/h2>\n<p style=\"margin-bottom: 0cm;\"><span style=\"font-size: large;\" size=\"4\">auteur, com\u00e9dien<br \/><\/span><\/p>\n<p>[\/et_pb_text][\/et_pb_column][\/et_pb_row][et_pb_row column_structure=\u00a0\u00bb1_4,3_4&Prime; use_custom_gutter=\u00a0\u00bbon\u00a0\u00bb gutter_width=\u00a0\u00bb2&Prime; _builder_version=\u00a0\u00bb4.16&Prime; width=\u00a0\u00bb90%\u00a0\u00bb width_tablet=\u00a0\u00bb80%\u00a0\u00bb width_phone=\u00a0\u00bb\u00a0\u00bb width_last_edited=\u00a0\u00bbon|tablet\u00a0\u00bb max_width=\u00a0\u00bbnone\u00a0\u00bb locked=\u00a0\u00bboff\u00a0\u00bb global_colors_info=\u00a0\u00bb{}\u00a0\u00bb][et_pb_column type=\u00a0\u00bb1_4&Prime; _builder_version=\u00a0\u00bb4.16&Prime; global_colors_info=\u00a0\u00bb{}\u00a0\u00bb][et_pb_image src=\u00a0\u00bbhttps:\/\/www.opusdesmuses.com\/opus\/wp-content\/uploads\/2024\/02\/Philipp.jpg\u00a0\u00bb title_text=\u00a0\u00bbPhilipp\u00a0\u00bb _builder_version=\u00a0\u00bb4.23.4&Prime; _module_preset=\u00a0\u00bbdefault\u00a0\u00bb global_colors_info=\u00a0\u00bb{}\u00a0\u00bb][\/et_pb_image][\/et_pb_column][et_pb_column type=\u00a0\u00bb3_4&Prime; _builder_version=\u00a0\u00bb4.16&Prime; global_colors_info=\u00a0\u00bb{}\u00a0\u00bb][et_pb_text _builder_version=\u00a0\u00bb4.16&Prime; text_font=\u00a0\u00bb||||||||\u00a0\u00bb text_text_color=\u00a0\u00bbrgba(255,255,255,0.78)\u00a0\u00bb text_font_size=\u00a0\u00bb18px\u00a0\u00bb text_line_height=\u00a0\u00bb1.3em\u00a0\u00bb custom_margin=\u00a0\u00bb|||7px||\u00a0\u00bb custom_padding=\u00a0\u00bb||1px|||\u00a0\u00bb inline_fonts=\u00a0\u00bbAbel\u00a0\u00bb global_colors_info=\u00a0\u00bb{}\u00a0\u00bb]<\/p>\n<p><span style=\"font-size: 18px;\">N\u00e9 \u00e0 Paris, Philipp Larsen, apr\u00e8s des \u00e9tudes d\u2019histoire de l\u2019art et de lettres modernes \u00e0 Paris, associ\u00e9es \u00e0 une pratique du piano et du th\u00e9\u00e2tre, sera enseignant, informaticien, traducteur, chef d\u2019entreprise, mais gardera toujours un lien \u00e9troit avec l\u2019\u00e9criture et la culture. Il participe en Suisse et en France \u00e0 diverses revues culturelles.\u2028 Il vit dans diff\u00e9rentes r\u00e9gions de France, puis \u00e0 Zurich pendant de nombreuses ann\u00e9es avec un d\u00e9tour par la Norv\u00e8ge et la Chine \u00e0 Shanghai.\u2028 Install\u00e9 en C\u00e9vennes depuis les ann\u00e9es 2000, et impliqu\u00e9 dans la culture sur le territoire o\u00f9 il vit, il se consacre d\u00e9sormais \u00e0 l\u2019\u00e9criture et au spectacle en fondant avec Ezaka Rakotondramanana la Compagnie Arcturus. \u2028Il publie fin 2016 son premier ouvrage, \u00ab\u00a0Fukushima, apr\u00e8s la pluie\u00a0\u00bb, un recueil de nouvelles courtes o\u00f9 les personnages, \u00e9vanescents, h\u00e9sitent entre le r\u00e9el et le r\u00eave. Un regard sur la relation \u00e0 l\u2019autre, sur le d\u00e9sir, sur la fragilit\u00e9 et l\u2019\u00e9ph\u00e9m\u00e8re du meilleur, du bonheur.\u2028 Le concert litt\u00e9raire <\/span><a href=\"https:\/\/www.opusdesmuses.com\/opus\/concerts-litteraires\/\" style=\"font-size: 18px;\">\u00ab\u00a0La m\u00e9canique de l&rsquo;ange\u00a0\u00bb<\/a><span style=\"font-size: 18px;\"> est tir\u00e9 de ce recueil.<\/span><\/p>\n<p>En 2018 il publie \u00ab\u00a0Blue itin\u00e9rances\u00a0\u00bb, un recueil de nouvelles dans lesquelles les personnages marchent en \u00e9quilibre sur l\u2019invisible ligne qui s\u00e9pare la r\u00e9alit\u00e9 du r\u00eave, du fantasme et des chim\u00e8res. Certains forcent leur destin, d\u2019autres tentent d\u2019\u00e9chapper \u00e0 une r\u00e9alit\u00e9 qu\u2019ils r\u00e9cusent.\u2028En qu\u00eate de l\u2019horizon de leurs d\u00e9sirs, les personnages s\u2019animent, se rencontrent, s\u2019aiment dans un climat harmonique particulier.<\/p>\n<p>Philipp Larsen propose \u00e9galement des ateliers d&rsquo;\u00e9criture.<\/p>\n<p>Retrouvez les livres de l&rsquo;auteur ainsi que le cd-livre du spectacle \u00ab\u00a0La m\u00e9canique de l&rsquo;ange\u00a0\u00bb sur le site des \u00e9ditions UNAYOK.<\/p>\n<p>\u00a0<span style=\"font-size: 18px;\">En amont du spectacle \u00ab\u00a0la m\u00e9canique de l&rsquo;ange\u00a0\u00bb, la compagnie propose une conf\u00e9rence musicale ainsi qu&rsquo;un atelier d&rsquo;\u00e9criture cr\u00e9ative.\u00a0<\/span><\/p>\n<p>&nbsp;<\/p>\n<p>[\/et_pb_text][\/et_pb_column][\/et_pb_row][et_pb_row _builder_version=\u00a0\u00bb4.16&Prime; _module_preset=\u00a0\u00bbdefault\u00a0\u00bb global_colors_info=\u00a0\u00bb{}\u00a0\u00bb][et_pb_column type=\u00a0\u00bb4_4&Prime; _builder_version=\u00a0\u00bb4.16&Prime; _module_preset=\u00a0\u00bbdefault\u00a0\u00bb global_colors_info=\u00a0\u00bb{}\u00a0\u00bb][et_pb_image src=\u00a0\u00bbhttps:\/\/www.opusdesmuses.com\/opus\/wp-content\/uploads\/2024\/02\/Meca-pour-aff.jpg\u00a0\u00bb title_text=\u00a0\u00bbMe\u0301ca pour aff\u00a0\u00bb _builder_version=\u00a0\u00bb4.23.4&Prime; _module_preset=\u00a0\u00bbdefault\u00a0\u00bb hover_enabled=\u00a0\u00bb0&Prime; global_colors_info=\u00a0\u00bb{}\u00a0\u00bb sticky_enabled=\u00a0\u00bb0&Prime;][\/et_pb_image][\/et_pb_column][\/et_pb_row][et_pb_row _builder_version=\u00a0\u00bb4.16&Prime; _module_preset=\u00a0\u00bbdefault\u00a0\u00bb global_colors_info=\u00a0\u00bb{}\u00a0\u00bb][et_pb_column type=\u00a0\u00bb4_4&Prime; _builder_version=\u00a0\u00bb4.16&Prime; _module_preset=\u00a0\u00bbdefault\u00a0\u00bb global_colors_info=\u00a0\u00bb{}\u00a0\u00bb][et_pb_text _builder_version=\u00a0\u00bb4.16&Prime; _module_preset=\u00a0\u00bbdefault\u00a0\u00bb text_font_size=\u00a0\u00bb17px\u00a0\u00bb global_colors_info=\u00a0\u00bb{}\u00a0\u00bb]<\/p>\n<p><a href=\"https:\/\/www.opusdesmuses.com\/opus\/concerts-litteraires\/\"><strong>ALLER SUR LA PAGE<\/strong><\/a><\/p>\n<p>[\/et_pb_text][\/et_pb_column][\/et_pb_row][et_pb_row _builder_version=\u00a0\u00bb4.16&Prime; _module_preset=\u00a0\u00bbdefault\u00a0\u00bb global_colors_info=\u00a0\u00bb{}\u00a0\u00bb][et_pb_column type=\u00a0\u00bb4_4&Prime; _builder_version=\u00a0\u00bb4.16&Prime; _module_preset=\u00a0\u00bbdefault\u00a0\u00bb global_colors_info=\u00a0\u00bb{}\u00a0\u00bb][et_pb_text _builder_version=\u00a0\u00bb4.16&Prime; _module_preset=\u00a0\u00bbdefault\u00a0\u00bb text_font_size=\u00a0\u00bb29px\u00a0\u00bb global_colors_info=\u00a0\u00bb{}\u00a0\u00bb]<\/p>\n<p><span style=\"color: #ffffff;\">NOUVEAU SPECTACLE : LIGNES DE FUITE &#8211; FLUCHTLINIEN<\/span><\/p>\n<p>[\/et_pb_text][\/et_pb_column][\/et_pb_row][et_pb_row _builder_version=\u00a0\u00bb4.16&Prime; _module_preset=\u00a0\u00bbdefault\u00a0\u00bb global_colors_info=\u00a0\u00bb{}\u00a0\u00bb][et_pb_column type=\u00a0\u00bb4_4&Prime; _builder_version=\u00a0\u00bb4.16&Prime; _module_preset=\u00a0\u00bbdefault\u00a0\u00bb global_colors_info=\u00a0\u00bb{}\u00a0\u00bb][et_pb_text _builder_version=\u00a0\u00bb4.16&Prime; _module_preset=\u00a0\u00bbdefault\u00a0\u00bb text_font_size=\u00a0\u00bb17px\u00a0\u00bb global_colors_info=\u00a0\u00bb{}\u00a0\u00bb]<\/p>\n<p><span style=\"color: #ffffff;\">Une cr\u00e9ation artistique bilingue fran\u00e7ais &#8211; allemand m\u00ealant \u00e9criture, musique et vid\u00e9o.<\/span><\/p>\n<p><span style=\"color: #ffffff;\">Com\u00e9dien : Philipp Larsen \/ Piano, clavier : Ezaka Rakotondramanana<\/span><\/p>\n<p><a href=\"https:\/\/www.aht.li\/3646469\/Lignes_de_fuite_dossier_presentation.pdf\"><strong>DOSSIER<\/strong><\/a><\/p>\n<p>[\/et_pb_text][\/et_pb_column][\/et_pb_row][et_pb_row _builder_version=\u00a0\u00bb4.16&Prime; _module_preset=\u00a0\u00bbdefault\u00a0\u00bb global_colors_info=\u00a0\u00bb{}\u00a0\u00bb][et_pb_column type=\u00a0\u00bb4_4&Prime; _builder_version=\u00a0\u00bb4.16&Prime; _module_preset=\u00a0\u00bbdefault\u00a0\u00bb global_colors_info=\u00a0\u00bb{}\u00a0\u00bb][et_pb_text _builder_version=\u00a0\u00bb4.16&Prime; _module_preset=\u00a0\u00bbdefault\u00a0\u00bb text_font_size=\u00a0\u00bb17px\u00a0\u00bb global_colors_info=\u00a0\u00bb{}\u00a0\u00bb]<\/p>\n<p><span style=\"color: #ffffff;\">ET AUSSI, POUR LES ENFANTS (\u00e9coles primaires &#8211; \u00e0 partir de 6 ans)<\/span><\/p>\n<p><span style=\"color: #ffffff;\">2 contes mis en musique par Ezaka : Le Roi Chat et Les Trois Cheveux d&rsquo;Or du Diable.<\/span><\/p>\n<p><span style=\"color: #ffffff;\">Dur\u00e9e : env. 50mn<\/span><\/p>\n<p>[\/et_pb_text][\/et_pb_column][\/et_pb_row][\/et_pb_section]<\/p>\n","protected":false},"excerpt":{"rendered":"<p>Philipp Larsen auteur, com\u00e9dienN\u00e9 \u00e0 Paris, Philipp Larsen, apr\u00e8s des \u00e9tudes d\u2019histoire de l\u2019art et de lettres modernes \u00e0 Paris, associ\u00e9es \u00e0 une pratique du piano et du th\u00e9\u00e2tre, sera enseignant, informaticien, traducteur, chef d\u2019entreprise, mais gardera toujours un lien \u00e9troit avec l\u2019\u00e9criture et la culture. Il participe en Suisse et en France \u00e0 diverses [&hellip;]<\/p>\n","protected":false},"author":1,"featured_media":0,"parent":0,"menu_order":0,"comment_status":"closed","ping_status":"closed","template":"","meta":{"_et_pb_use_builder":"on","_et_pb_old_content":"","_et_gb_content_width":"","footnotes":""},"class_list":["post-180","page","type-page","status-publish","hentry"],"_links":{"self":[{"href":"https:\/\/www.opusdesmuses.com\/opus\/wp-json\/wp\/v2\/pages\/180","targetHints":{"allow":["GET"]}}],"collection":[{"href":"https:\/\/www.opusdesmuses.com\/opus\/wp-json\/wp\/v2\/pages"}],"about":[{"href":"https:\/\/www.opusdesmuses.com\/opus\/wp-json\/wp\/v2\/types\/page"}],"author":[{"embeddable":true,"href":"https:\/\/www.opusdesmuses.com\/opus\/wp-json\/wp\/v2\/users\/1"}],"replies":[{"embeddable":true,"href":"https:\/\/www.opusdesmuses.com\/opus\/wp-json\/wp\/v2\/comments?post=180"}],"version-history":[{"count":21,"href":"https:\/\/www.opusdesmuses.com\/opus\/wp-json\/wp\/v2\/pages\/180\/revisions"}],"predecessor-version":[{"id":2224,"href":"https:\/\/www.opusdesmuses.com\/opus\/wp-json\/wp\/v2\/pages\/180\/revisions\/2224"}],"wp:attachment":[{"href":"https:\/\/www.opusdesmuses.com\/opus\/wp-json\/wp\/v2\/media?parent=180"}],"curies":[{"name":"wp","href":"https:\/\/api.w.org\/{rel}","templated":true}]}}