{"id":250,"date":"2020-01-14T13:34:51","date_gmt":"2020-01-14T13:34:51","guid":{"rendered":"http:\/\/www.opusdesmuses.com\/opus\/?page_id=250"},"modified":"2021-12-05T10:40:02","modified_gmt":"2021-12-05T10:40:02","slug":"concerts-litteraires","status":"publish","type":"page","link":"https:\/\/www.opusdesmuses.com\/opus\/concerts-litteraires\/","title":{"rendered":"concerts litt\u00e9raires"},"content":{"rendered":"<p>[et_pb_section fb_built=\u00a0\u00bb1&Prime; admin_label=\u00a0\u00bbCalls to Action\u00a0\u00bb _builder_version=\u00a0\u00bb3.27.3&Prime; background_color=\u00a0\u00bb#000000&Prime;][et_pb_row _builder_version=\u00a0\u00bb4.0.6&Prime; custom_padding=\u00a0\u00bb|||0px||\u00a0\u00bb][et_pb_column type=\u00a0\u00bb4_4&Prime; _builder_version=\u00a0\u00bb3.29.1&Prime;][et_pb_text _builder_version=\u00a0\u00bb4.2.2&Prime; text_text_color=\u00a0\u00bbrgba(255,255,255,0.5)\u00a0\u00bb text_font_size=\u00a0\u00bb16px\u00a0\u00bb text_line_height=\u00a0\u00bb1.8em\u00a0\u00bb header_2_font=\u00a0\u00bbMontserrat|300|||||||\u00a0\u00bb header_2_font_size=\u00a0\u00bb70px\u00a0\u00bb header_2_line_height=\u00a0\u00bb1.2em\u00a0\u00bb header_3_font=\u00a0\u00bbMontserrat|700||on|||||\u00a0\u00bb header_3_text_color=\u00a0\u00bb#f9002b\u00a0\u00bb header_3_font_size=\u00a0\u00bb16px\u00a0\u00bb header_3_letter_spacing=\u00a0\u00bb2px\u00a0\u00bb header_3_line_height=\u00a0\u00bb1.4em\u00a0\u00bb background_layout=\u00a0\u00bbdark\u00a0\u00bb custom_margin=\u00a0\u00bb||-17px|||\u00a0\u00bb header_2_font_size_tablet=\u00a0\u00bb40px\u00a0\u00bb header_2_font_size_phone=\u00a0\u00bb30px\u00a0\u00bb header_2_font_size_last_edited=\u00a0\u00bbon|phone\u00a0\u00bb header_3_font_size_tablet=\u00a0\u00bb14px\u00a0\u00bb header_3_font_size_phone=\u00a0\u00bb\u00a0\u00bb header_3_font_size_last_edited=\u00a0\u00bbon|phone\u00a0\u00bb text_text_align=\u00a0\u00bbleft\u00a0\u00bb locked=\u00a0\u00bboff\u00a0\u00bb]<\/p>\n<h2>la m\u00e9canique de l&rsquo;ange<\/h2>\n<p style=\"margin-bottom: 0cm;\"><span style=\"font-size: large;\" size=\"4\">\u00a0<\/span><\/p>\n<p>[\/et_pb_text][\/et_pb_column][\/et_pb_row][et_pb_row _builder_version=\u00a0\u00bb4.2.2&Prime;][et_pb_column type=\u00a0\u00bb4_4&Prime; _builder_version=\u00a0\u00bb4.2.2&Prime;][et_pb_video src=\u00a0\u00bbhttps:\/\/www.opusdesmuses.com\/opus\/wp-content\/uploads\/2020\/01\/La-me\u0301canique-de-lange-1.mp4&Prime; image_src=\u00a0\u00bbhttps:\/\/www.opusdesmuses.com\/opus\/wp-content\/uploads\/2020\/01\/meca02.jpg\u00a0\u00bb thumbnail_overlay_color=\u00a0\u00bbrgba(0,0,0,0.6)\u00a0\u00bb _builder_version=\u00a0\u00bb4.2.2&Prime;][\/et_pb_video][\/et_pb_column][\/et_pb_row][et_pb_row _builder_version=\u00a0\u00bb4.9.0&Prime; _module_preset=\u00a0\u00bbdefault\u00a0\u00bb][et_pb_column type=\u00a0\u00bb4_4&Prime; _builder_version=\u00a0\u00bb4.9.0&Prime; _module_preset=\u00a0\u00bbdefault\u00a0\u00bb][et_pb_text _builder_version=\u00a0\u00bb4.9.0&Prime; _module_preset=\u00a0\u00bbdefault\u00a0\u00bb text_font_size=\u00a0\u00bb18px\u00a0\u00bb]<\/p>\n<p><span style=\"color: #ffffff;\"><span color=\"#2e3746\"><span size=\"6\">C<\/span><\/span><span color=\"#2e3746\"><span face=\"ArialMT, sans-serif\"><span size=\"4\">\u2019est \u00e0 l\u2019issue d\u2019une mission au c\u0153ur de l\u2019\u00e2me humaine qu\u2019un ange retrace quatre t\u00e9moignages d\u2019humains.<br \/> <\/span><\/span><\/span><span color=\"#2e3746\"><span face=\"ArialMT, sans-serif\"><span size=\"4\">Les deux premi\u00e8res histoires s\u2019inspirent de la mythologie grecque. Dans la premi\u00e8re, Ulysse, \u00e9conduit par P\u00e9n\u00e9lope, erre dans New York. Le r\u00e9cit suivant traite de surprenantes rencontres post-mortem se pr\u00e9sentant \u00e0 une jeune femme r\u00e9cemment accident\u00e9e. Le mythe d\u2019Orph\u00e9e n\u2019est pas loin.<\/span><\/span><\/span><\/span><\/p>\n<p><span style=\"color: #ffffff;\"><span color=\"#2e3746\"><span face=\"ArialMT, sans-serif\"><span size=\"4\">L\u2019ange relate ensuite les m\u00e9moires de Naoto, paysan incapable d\u2019abandonner sa terre malgr\u00e9 l\u2019urgence catastrophique de Fukushima.<\/span><\/span><\/span><span color=\"#2e3746\"><span face=\"ArialMT, sans-serif\"><span size=\"4\">Dans le dernier t\u00e9moignage, l\u2019ange d\u00e9ploie la m\u00e9canique de ses ailes pour essayer d\u2019insuffler une r\u00e9silience dans l\u2019esprit d\u2019un \u00e9crivain criant la perte de ses mots et qui fera ensuite un voyage salvateur au Cambodge.<\/span><\/span><\/span><\/span><\/p>\n<p><span color=\"#2e3746\" style=\"color: #ffffff;\"><span face=\"ArialMT, sans-serif\"><span size=\"4\">Il s\u2019agit ici d\u2019un dialogue \u00e9mouvant entre les mots et la musique, dont les textes sont tir\u00e9s du livre \u00ab Fukushima, apr\u00e8s la pluie \u00bb, interpr\u00e9t\u00e9 par les artistes de la Compagnie Arcturus : Philipp Larsen et Ezaka Rakotondramanana.<\/span><\/span><\/span><\/p>\n<p><span style=\"color: #ffffff;\"><strong><span color=\"#2e3746\"><span face=\"ArialMT, sans-serif\"><span size=\"4\">Dur\u00e9e : 1 heure<br \/> <\/span><\/span><\/span><span color=\"#2e3746\"><span face=\"ArialMT, sans-serif\"><span size=\"4\">Tout public \u00e0 partir de 12 ans<\/span><\/span><\/span><\/strong><\/span><\/p>\n<p><span style=\"color: #ffffff;\"><span color=\"#434343\"><span face=\"ArialMT, sans-serif\"><span size=\"4\">Le spectacle peut \u00eatre jou\u00e9 dans des salles peu ou pas \u00e9quip\u00e9es telles que m\u00e9diath\u00e8ques, salles polyvalentes, appartements etc&#8230; \u2028Nous souhaitons en effet pouvoir jouer partout et rencontrer des publics qui ne sont pas forc\u00e9ment des habitu\u00e9s des th\u00e9\u00e2tres.<br \/> <\/span><\/span><\/span><span color=\"#2e3746\"><span face=\"ArialMT, sans-serif\"><span size=\"4\"><\/span><\/span><\/span><span color=\"#434343\"><span face=\"ArialMT, sans-serif\"><span size=\"4\">La compagnie est autonome au niveau du son, de la lumi\u00e8re et du clavier; cependant, un piano acoustique est le bienvenu.<\/span><\/span><\/span><\/span><\/p>\n<p>[\/et_pb_text][\/et_pb_column][\/et_pb_row][et_pb_row column_structure=\u00a0\u00bb2_5,3_5&Prime; _builder_version=\u00a0\u00bb4.9.0&Prime; _module_preset=\u00a0\u00bbdefault\u00a0\u00bb][et_pb_column type=\u00a0\u00bb2_5&Prime; _builder_version=\u00a0\u00bb4.9.0&Prime; _module_preset=\u00a0\u00bbdefault\u00a0\u00bb][et_pb_image src=\u00a0\u00bbhttps:\/\/www.opusdesmuses.com\/opus\/wp-content\/uploads\/2020\/01\/Ezaka-3&#8211;scaled.jpg\u00a0\u00bb title_text=\u00a0\u00bbEzaka 3&Prime; _builder_version=\u00a0\u00bb4.9.0&Prime; _module_preset=\u00a0\u00bbdefault\u00a0\u00bb][\/et_pb_image][et_pb_text _builder_version=\u00a0\u00bb4.9.0&Prime; _module_preset=\u00a0\u00bbdefault\u00a0\u00bb text_font_size=\u00a0\u00bb22px\u00a0\u00bb text_line_height=\u00a0\u00bb1em\u00a0\u00bb]<\/p>\n<p><span style=\"color: #ffffff;\">Ezaka Rakotondramanana<\/span><\/p>\n<p><span style=\"color: #ffffff;\">Piano &#8211; Clavier<\/span><\/p>\n<p>[\/et_pb_text][\/et_pb_column][et_pb_column type=\u00a0\u00bb3_5&Prime; _builder_version=\u00a0\u00bb4.9.0&Prime; _module_preset=\u00a0\u00bbdefault\u00a0\u00bb][et_pb_text _builder_version=\u00a0\u00bb4.9.0&Prime; _module_preset=\u00a0\u00bbdefault\u00a0\u00bb text_font_size=\u00a0\u00bb18px\u00a0\u00bb]<\/p>\n<p><span color=\"#535353\" style=\"color: #ffffff;\"><span size=\"3\">L\u2019univers musical d\u2019Ezaka s\u2019affranchit de tout endiguement stylistique, en soutirant sa substance musicale, gravitant hors des m\u0153urs circonvolutives de \u201cl\u2019\u00e9tiquetage facile\u201d. <\/span><\/span><\/p>\n<p><span color=\"#535353\" style=\"color: #ffffff;\"><span size=\"3\">Pianiste, chanteuse et compositrice, la musicienne polymorphe traverse de multiples genres et expressions artistiques, tels que le r\u00e9pertoire classique, le gospel, le funk, le trip- pop, et ambiance rock-electronic, tout en passant par la cr\u00e9ation de spectacle musical\/th\u00e9\u00e2tral adress\u00e9 au jeune public. <\/span><\/span><\/p>\n<p><span color=\"#535353\" style=\"color: #ffffff;\"><span size=\"3\">Par ses sonorit\u00e9s diverses, Ezaka ne cesse de vouloir cr\u00e9er dans le but d\u2019exhaler la force sauvage des affects, \u00e9veiller notre plasticit\u00e9 sensorielle et \u00e9motionnelle, inhib\u00e9es par la soci\u00e9t\u00e9.\u2028Dipl\u00f4m\u00e9e du CNR de Montpellier et d\u2019Avignon, Ezaka enseigne en parall\u00e8le \u00e0 l\u2019\u00e9cole de musique de la Vall\u00e9e de l\u2019H\u00e9rault en tant que professeur de piano et musicienne intervenante en milieu scolaire, o\u00f9 l\u2019invention tient une place pr\u00e9pond\u00e9rante au sein de son enseignement artistique.<\/span><\/span><\/p>\n<p>[\/et_pb_text][\/et_pb_column][\/et_pb_row][et_pb_row _builder_version=\u00a0\u00bb4.9.0&Prime; _module_preset=\u00a0\u00bbdefault\u00a0\u00bb][et_pb_column _builder_version=\u00a0\u00bb4.9.0&Prime; _module_preset=\u00a0\u00bbdefault\u00a0\u00bb type=\u00a0\u00bb4_4&Prime;][et_pb_image src=\u00a0\u00bbhttps:\/\/www.opusdesmuses.com\/opus\/wp-content\/uploads\/2020\/01\/Pochette-mecanique-4.jpg\u00a0\u00bb _builder_version=\u00a0\u00bb4.9.0&Prime; _module_preset=\u00a0\u00bbdefault\u00a0\u00bb title_text=\u00a0\u00bbPochette-mecanique\u00a0\u00bb hover_enabled=\u00a0\u00bb0&Prime; sticky_enabled=\u00a0\u00bb0&Prime;][\/et_pb_image][et_pb_text _builder_version=\u00a0\u00bb4.9.0&Prime; _module_preset=\u00a0\u00bbdefault\u00a0\u00bb text_font_size=\u00a0\u00bb18px\u00a0\u00bb hover_enabled=\u00a0\u00bb0&Prime; sticky_enabled=\u00a0\u00bb0&Prime; custom_padding=\u00a0\u00bb||3px|||\u00a0\u00bb]<\/p>\n<p><span style=\"color: #ffffff;\">Le CD du spectacle est sorti !<\/span><\/p>\n<p><span color=\"#ffffff\" style=\"color: #ffffff;\">En commande chez <a href=\"http:\/\/www.unayok-editions.fr\/fr\/parutions\">Unayok Editions<\/a> ou via le formulaire de contact opus des muses.<\/span><\/p>\n<p>[\/et_pb_text][\/et_pb_column][\/et_pb_row][et_pb_row column_structure=\u00a0\u00bb1_4,3_4&Prime; use_custom_gutter=\u00a0\u00bbon\u00a0\u00bb gutter_width=\u00a0\u00bb2&Prime; _builder_version=\u00a0\u00bb4.0.11&Prime; width=\u00a0\u00bb90%\u00a0\u00bb width_tablet=\u00a0\u00bb80%\u00a0\u00bb width_phone=\u00a0\u00bb\u00a0\u00bb width_last_edited=\u00a0\u00bbon|tablet\u00a0\u00bb max_width=\u00a0\u00bbnone\u00a0\u00bb locked=\u00a0\u00bboff\u00a0\u00bb][et_pb_column type=\u00a0\u00bb1_4&Prime; _builder_version=\u00a0\u00bb3.29.1&Prime;][\/et_pb_column][et_pb_column type=\u00a0\u00bb3_4&Prime; _builder_version=\u00a0\u00bb3.29.1&Prime;][et_pb_divider show_divider=\u00a0\u00bboff\u00a0\u00bb _builder_version=\u00a0\u00bb4.1&Prime; max_height=\u00a0\u00bb350px\u00a0\u00bb][\/et_pb_divider][\/et_pb_column][\/et_pb_row][\/et_pb_section]<\/p>\n","protected":false},"excerpt":{"rendered":"<p>la m\u00e9canique de l&rsquo;ange \u00a0C\u2019est \u00e0 l\u2019issue d\u2019une mission au c\u0153ur de l\u2019\u00e2me humaine qu\u2019un ange retrace quatre t\u00e9moignages d\u2019humains. Les deux premi\u00e8res histoires s\u2019inspirent de la mythologie grecque. Dans la premi\u00e8re, Ulysse, \u00e9conduit par P\u00e9n\u00e9lope, erre dans New York. Le r\u00e9cit suivant traite de surprenantes rencontres post-mortem se pr\u00e9sentant \u00e0 une jeune femme r\u00e9cemment [&hellip;]<\/p>\n","protected":false},"author":1,"featured_media":0,"parent":0,"menu_order":0,"comment_status":"closed","ping_status":"closed","template":"","meta":{"_et_pb_use_builder":"on","_et_pb_old_content":"","_et_gb_content_width":"","footnotes":""},"class_list":["post-250","page","type-page","status-publish","hentry"],"_links":{"self":[{"href":"https:\/\/www.opusdesmuses.com\/opus\/wp-json\/wp\/v2\/pages\/250","targetHints":{"allow":["GET"]}}],"collection":[{"href":"https:\/\/www.opusdesmuses.com\/opus\/wp-json\/wp\/v2\/pages"}],"about":[{"href":"https:\/\/www.opusdesmuses.com\/opus\/wp-json\/wp\/v2\/types\/page"}],"author":[{"embeddable":true,"href":"https:\/\/www.opusdesmuses.com\/opus\/wp-json\/wp\/v2\/users\/1"}],"replies":[{"embeddable":true,"href":"https:\/\/www.opusdesmuses.com\/opus\/wp-json\/wp\/v2\/comments?post=250"}],"version-history":[{"count":10,"href":"https:\/\/www.opusdesmuses.com\/opus\/wp-json\/wp\/v2\/pages\/250\/revisions"}],"predecessor-version":[{"id":1519,"href":"https:\/\/www.opusdesmuses.com\/opus\/wp-json\/wp\/v2\/pages\/250\/revisions\/1519"}],"wp:attachment":[{"href":"https:\/\/www.opusdesmuses.com\/opus\/wp-json\/wp\/v2\/media?parent=250"}],"curies":[{"name":"wp","href":"https:\/\/api.w.org\/{rel}","templated":true}]}}