{"id":42,"date":"2019-12-13T17:25:59","date_gmt":"2019-12-13T17:25:59","guid":{"rendered":"http:\/\/www.opusdesmuses.com\/opus\/?page_id=42"},"modified":"2024-02-05T17:34:05","modified_gmt":"2024-02-05T17:34:05","slug":"sharman","status":"publish","type":"page","link":"https:\/\/www.opusdesmuses.com\/opus\/sharman\/","title":{"rendered":"Sharman-Plesner"},"content":{"rendered":"<p>[et_pb_section fb_built=\u00a0\u00bb1&Prime; admin_label=\u00a0\u00bbCalls to Action\u00a0\u00bb _builder_version=\u00a0\u00bb4.16&Prime; background_color=\u00a0\u00bb#000000&Prime; global_colors_info=\u00a0\u00bb{}\u00a0\u00bb][et_pb_row _builder_version=\u00a0\u00bb4.16&Prime; custom_padding=\u00a0\u00bb|||0px||\u00a0\u00bb global_colors_info=\u00a0\u00bb{}\u00a0\u00bb][et_pb_column type=\u00a0\u00bb4_4&Prime; _builder_version=\u00a0\u00bb4.16&Prime; global_colors_info=\u00a0\u00bb{}\u00a0\u00bb][et_pb_text _builder_version=\u00a0\u00bb4.16&Prime; text_text_color=\u00a0\u00bbrgba(255,255,255,0.5)\u00a0\u00bb text_font_size=\u00a0\u00bb16px\u00a0\u00bb text_line_height=\u00a0\u00bb1.8em\u00a0\u00bb header_2_font=\u00a0\u00bbMontserrat|300|||||||\u00a0\u00bb header_2_font_size=\u00a0\u00bb70px\u00a0\u00bb header_2_line_height=\u00a0\u00bb1.2em\u00a0\u00bb header_3_font=\u00a0\u00bbMontserrat|700||on|||||\u00a0\u00bb header_3_text_color=\u00a0\u00bb#f9002b\u00a0\u00bb header_3_font_size=\u00a0\u00bb16px\u00a0\u00bb header_3_letter_spacing=\u00a0\u00bb2px\u00a0\u00bb header_3_line_height=\u00a0\u00bb1.4em\u00a0\u00bb background_layout=\u00a0\u00bbdark\u00a0\u00bb custom_margin=\u00a0\u00bb||-17px|||\u00a0\u00bb header_2_font_size_tablet=\u00a0\u00bb40px\u00a0\u00bb header_2_font_size_phone=\u00a0\u00bb30px\u00a0\u00bb header_2_font_size_last_edited=\u00a0\u00bbon|phone\u00a0\u00bb header_3_font_size_tablet=\u00a0\u00bb14px\u00a0\u00bb header_3_font_size_phone=\u00a0\u00bb\u00a0\u00bb header_3_font_size_last_edited=\u00a0\u00bbon|phone\u00a0\u00bb text_text_align=\u00a0\u00bbleft\u00a0\u00bb locked=\u00a0\u00bboff\u00a0\u00bb global_colors_info=\u00a0\u00bb{}\u00a0\u00bb]<\/p>\n<h2><strong>Sharman <\/strong>Plesner<\/h2>\n<p style=\"margin-bottom: 0cm;\"><span style=\"font-size: large;\" size=\"4\">violoniste\/altiste<\/span><\/p>\n<p>[\/et_pb_text][\/et_pb_column][\/et_pb_row][et_pb_row column_structure=\u00a0\u00bb1_4,3_4&Prime; use_custom_gutter=\u00a0\u00bbon\u00a0\u00bb gutter_width=\u00a0\u00bb2&Prime; _builder_version=\u00a0\u00bb4.16&Prime; width=\u00a0\u00bb90%\u00a0\u00bb width_tablet=\u00a0\u00bb80%\u00a0\u00bb width_phone=\u00a0\u00bb\u00a0\u00bb width_last_edited=\u00a0\u00bbon|tablet\u00a0\u00bb max_width=\u00a0\u00bbnone\u00a0\u00bb locked=\u00a0\u00bboff\u00a0\u00bb global_colors_info=\u00a0\u00bb{}\u00a0\u00bb][et_pb_column type=\u00a0\u00bb1_4&Prime; _builder_version=\u00a0\u00bb4.16&Prime; global_colors_info=\u00a0\u00bb{}\u00a0\u00bb][et_pb_image src=\u00a0\u00bbhttps:\/\/www.opusdesmuses.com\/opus\/wp-content\/uploads\/2024\/02\/Sharman.jpg\u00a0\u00bb title_text=\u00a0\u00bbSharman\u00a0\u00bb align=\u00a0\u00bbcenter\u00a0\u00bb _builder_version=\u00a0\u00bb4.23.4&Prime; width=\u00a0\u00bb100%\u00a0\u00bb hover_enabled=\u00a0\u00bb0&Prime; locked=\u00a0\u00bboff\u00a0\u00bb global_colors_info=\u00a0\u00bb{}\u00a0\u00bb sticky_enabled=\u00a0\u00bb0&Prime;][\/et_pb_image][et_pb_audio audio=\u00a0\u00bbhttps:\/\/www.opusdesmuses.com\/opus\/wp-content\/uploads\/2020\/01\/03-J.-Brahms-Danse-Hongroise-n\u00b02-mp3.mp3&Prime; title=\u00a0\u00bbBrahms : Danse hongroise\u00a0\u00bb artist_name=\u00a0\u00bbS. Plesner &#8211; D. Levi\u00a0\u00bb album_name=\u00a0\u00bbVienne, le monde d&rsquo;hier\u00a0\u00bb _builder_version=\u00a0\u00bb4.16&Prime; min_height=\u00a0\u00bb100px\u00a0\u00bb height=\u00a0\u00bb1000px\u00a0\u00bb max_height=\u00a0\u00bb196px\u00a0\u00bb global_colors_info=\u00a0\u00bb{}\u00a0\u00bb][\/et_pb_audio][et_pb_audio audio=\u00a0\u00bbhttps:\/\/www.opusdesmuses.com\/opus\/wp-content\/uploads\/2020\/01\/2-13-mp3-Partita-for-Solo-Violin-in-D-Minor-BWV-1004_-Chaconne-in-D-Minor-BWV-1004_-Chaconne-3.mp3&Prime; title=\u00a0\u00bbBach &#8211; Partita\u00a0\u00bb artist_name=\u00a0\u00bbSharman Plesner\u00a0\u00bb _builder_version=\u00a0\u00bb4.16&Prime; global_colors_info=\u00a0\u00bb{}\u00a0\u00bb][\/et_pb_audio][\/et_pb_column][et_pb_column type=\u00a0\u00bb3_4&Prime; _builder_version=\u00a0\u00bb4.16&Prime; global_colors_info=\u00a0\u00bb{}\u00a0\u00bb][et_pb_text _builder_version=\u00a0\u00bb4.16&Prime; text_font=\u00a0\u00bb||||||||\u00a0\u00bb text_text_color=\u00a0\u00bbrgba(255,255,255,0.78)\u00a0\u00bb text_font_size=\u00a0\u00bb17px\u00a0\u00bb text_line_height=\u00a0\u00bb1.3em\u00a0\u00bb custom_margin=\u00a0\u00bb|||7px||\u00a0\u00bb custom_padding=\u00a0\u00bb||1px|||\u00a0\u00bb inline_fonts=\u00a0\u00bbAbel\u00a0\u00bb global_colors_info=\u00a0\u00bb{}\u00a0\u00bb]<\/p>\n<p>Originaire du Texas, Sharman Plesner commence le violon aupr\u00e8s de sa m\u00e8re, musicienne attitr\u00e9e du Houston Symphony Orchestra.<span style=\"font-size: 17px;\">Enfant \u00ab prodige \u00bb, elle est confi\u00e9e un an plus tard \u00e0 la concertiste Fredell Lack, qui lui enseigne la musique jusqu\u2019\u00e0 ses 15 ans, ann\u00e9e ou elle est accept\u00e9e comme \u00e9l\u00e8ve au prestigieux <\/span><strong style=\"font-size: 17px;\">\u201cCurtis Institute of Music\u201d<\/strong><span style=\"font-size: 17px;\"> \u00e0 Philadelphie. Elle se perfectionnera avec les renomm\u00e9s Ivan Galamian et Szymon Goldberg. Laur\u00e9ate de nombreux concours aux Etats-Unis, elle joue sous la baguette des plus grands chefs du 20\u00e8me si\u00e8cle. Elle se produit en soliste dans divers orchestres, dont le Curtis Symphony Orchestra, avant de recevoir son dipl\u00f4me.<\/span><span style=\"font-size: 17px;\">C\u2019est en tourn\u00e9e avec cet orchestre qu\u2019elle d\u00e9couvre la France et d\u00e9cide de s\u2019y installer.<\/span><\/p>\n<p>Elle se produira alors avec le Trio Werther, puis en musique baroque avec Musica Antiqua K\u00f6ln, l\u2019Orchestre des Champs-Elys\u00e9es, Les Musiciens du Louvre, l\u2019Ensemble Baroque de Limoges\u2026<\/p>\n<p>Elle a r\u00e9cemment eu le plaisir de jouer en duo avec Dorota Anderszewska (violon super solo de l\u2019Orchestre National de Montpellier) en duo avec le violoncelliste Mark Drobinsky, et en soliste avec le Quatuor M\u00e9tamorphoses.<br \/>En compagnie du contrebassiste de jazz Pierre Boussaguet, elle se produit en quartet avec la chanteuse Natalie Dessay pour un hommage \u00e0 Michel Legrand. Elle participe \u00e9galement \u00e0 l\u2019Ensemble Meeting Point, une formation qui propose un programme \u00ab cross-over \u00bb entre le classique et le jazz.<\/p>\n<p>Talentueuse et curieuse, toujours en qu\u00eate de perfection (la musique m\u00e9rite bien \u00e7a, dit-elle), c\u2019est avec le m\u00eame bonheur qu\u2019elle nous propose des concerts de styles diff\u00e9rents :<\/p>\n<p>\u2013 <a href=\"https:\/\/www.opusdesmuses.com\/opus\/violon-clavecin\/\">Sonates de J.S. Bach<\/a> : sonates pour violon (baroque) et clavecin, en compagnie de Mario Raskin. CD sorti en mars 2016 chez Arion.<\/p>\n<p>\u2013 <a href=\"https:\/\/www.opusdesmuses.com\/opus\/violon-piano\/\">Vienne, le monde d\u2019hier<\/a> : en compagnie de David Levi au piano, un programme viennois sur des textes de Stefan Zweig. CD sorti en novembre 2019 chez Arion.<\/p>\n<p>\u2013 <a href=\"https:\/\/www.opusdesmuses.com\/opus\/songe\/\">Songe des saisons<\/a> : une promenade musicale et po\u00e9tique, avec la com\u00e9dienne Marion Pannetier.<\/p>\n<p>Discographie :<\/p>\n<p>\u2013 Vivaldi : Les Quatre Saisons. Violon solo : Sharman Plesner \u2013 Balkan Baroque Band \u2013 Direction Jean-Christophe Frisch.<\/p>\n<p>\u2013 Joseph Rhineberger : Les Orgues de la C\u00f4te d\u2019Or\u201d. Oeuvres pour violon et orgue. Orgue : Jean-Paul Serra.<\/p>\n<p>Deux disques avec le Trio Werther ainsi que de nombreux enregistrements comme violon solo avec des ensembles de chambre baroques dont XVIII-21 Le Baroque Nomade, l\u2019Ensemble Baroques Graffiti, l\u2019Ensemble Solamente Naturali, l\u2019Ensemble \u00ab Le Rondeau \u00bb\u2026<\/p>\n<p>[\/et_pb_text][\/et_pb_column][\/et_pb_row][et_pb_row column_structure=\u00a0\u00bb1_4,3_4&Prime; use_custom_gutter=\u00a0\u00bbon\u00a0\u00bb gutter_width=\u00a0\u00bb2&Prime; _builder_version=\u00a0\u00bb4.16&Prime; width=\u00a0\u00bb90%\u00a0\u00bb width_tablet=\u00a0\u00bb80%\u00a0\u00bb width_phone=\u00a0\u00bb\u00a0\u00bb width_last_edited=\u00a0\u00bbon|tablet\u00a0\u00bb max_width=\u00a0\u00bbnone\u00a0\u00bb border_width_top=\u00a0\u00bb5px\u00a0\u00bb border_color_top=\u00a0\u00bbrgba(255,255,255,0.26)\u00a0\u00bb locked=\u00a0\u00bboff\u00a0\u00bb global_colors_info=\u00a0\u00bb{}\u00a0\u00bb][et_pb_column type=\u00a0\u00bb1_4&Prime; _builder_version=\u00a0\u00bb4.16&Prime; global_colors_info=\u00a0\u00bb{}\u00a0\u00bb][et_pb_image src=\u00a0\u00bbhttps:\/\/www.opusdesmuses.com\/opus\/wp-content\/uploads\/2020\/06\/102291828_10157734010383995_6693046871083974656_o.jpeg\u00a0\u00bb align=\u00a0\u00bbcenter\u00a0\u00bb _builder_version=\u00a0\u00bb4.16&Prime; width=\u00a0\u00bb100%\u00a0\u00bb locked=\u00a0\u00bboff\u00a0\u00bb global_colors_info=\u00a0\u00bb{}\u00a0\u00bb][\/et_pb_image][\/et_pb_column][et_pb_column type=\u00a0\u00bb3_4&Prime; _builder_version=\u00a0\u00bb4.16&Prime; global_colors_info=\u00a0\u00bb{}\u00a0\u00bb][et_pb_text _builder_version=\u00a0\u00bb4.16&Prime; text_font=\u00a0\u00bb||||||||\u00a0\u00bb text_text_color=\u00a0\u00bbrgba(255,255,255,0.78)\u00a0\u00bb text_font_size=\u00a0\u00bb17px\u00a0\u00bb text_line_height=\u00a0\u00bb1.3em\u00a0\u00bb custom_margin=\u00a0\u00bb|||7px||\u00a0\u00bb custom_padding=\u00a0\u00bb||0px|||\u00a0\u00bb inline_fonts=\u00a0\u00bbAbel\u00a0\u00bb global_colors_info=\u00a0\u00bb{}\u00a0\u00bb]<\/p>\n<p><span style=\"font-size: 17px;\"><span style=\"color: #ffffff;\">NOUVEAU &#8211; DUO\u00a0 CONTREBASSE \/ VIOLON<\/span><\/span><\/p>\n<p>Pierre BOUSSAGUET \/ Sharman PLESNER<\/p>\n<p><a href=\"https:\/\/youtu.be\/UyAJLKor1bg\" title=\"Violon Contre Basse\">https:\/\/youtu.be\/UyAJLKor1bg<\/a><\/p>\n<p>Grave \/ Aigu &#8211;\u00a0<span style=\"font-size: 17px;\">Jazz \/ Classique &#8211;\u00a0<\/span><span style=\"font-size: 17px;\">Lui \/ Elle<\/span><\/p>\n<p>Un face \u00e0 face musical allant de J.S. Bach \u00e0 Michel Legrand, en passant par des oeuvres originales.<\/p>\n<p>Valse, Tango, Blues, Musique de films, Chanson&#8230; avec une constance m\u00e9lodique.<\/p>\n<p>Deux solistes exceptionnels pour un panorama musical\u00a0 \u00ab\u00a0sans \u00e9tiquette\u00a0\u00bb.<\/p>\n<p>[\/et_pb_text][\/et_pb_column][\/et_pb_row][\/et_pb_section]<\/p>\n","protected":false},"excerpt":{"rendered":"<p>Sharman Plesner violoniste\/altisteOriginaire du Texas, Sharman Plesner commence le violon aupr\u00e8s de sa m\u00e8re, musicienne attitr\u00e9e du Houston Symphony Orchestra.Enfant \u00ab prodige \u00bb, elle est confi\u00e9e un an plus tard \u00e0 la concertiste Fredell Lack, qui lui enseigne la musique jusqu\u2019\u00e0 ses 15 ans, ann\u00e9e ou elle est accept\u00e9e comme \u00e9l\u00e8ve au prestigieux \u201cCurtis Institute [&hellip;]<\/p>\n","protected":false},"author":1,"featured_media":0,"parent":0,"menu_order":0,"comment_status":"closed","ping_status":"closed","template":"","meta":{"_et_pb_use_builder":"on","_et_pb_old_content":"","_et_gb_content_width":"","footnotes":""},"class_list":["post-42","page","type-page","status-publish","hentry"],"_links":{"self":[{"href":"https:\/\/www.opusdesmuses.com\/opus\/wp-json\/wp\/v2\/pages\/42","targetHints":{"allow":["GET"]}}],"collection":[{"href":"https:\/\/www.opusdesmuses.com\/opus\/wp-json\/wp\/v2\/pages"}],"about":[{"href":"https:\/\/www.opusdesmuses.com\/opus\/wp-json\/wp\/v2\/types\/page"}],"author":[{"embeddable":true,"href":"https:\/\/www.opusdesmuses.com\/opus\/wp-json\/wp\/v2\/users\/1"}],"replies":[{"embeddable":true,"href":"https:\/\/www.opusdesmuses.com\/opus\/wp-json\/wp\/v2\/comments?post=42"}],"version-history":[{"count":46,"href":"https:\/\/www.opusdesmuses.com\/opus\/wp-json\/wp\/v2\/pages\/42\/revisions"}],"predecessor-version":[{"id":2149,"href":"https:\/\/www.opusdesmuses.com\/opus\/wp-json\/wp\/v2\/pages\/42\/revisions\/2149"}],"wp:attachment":[{"href":"https:\/\/www.opusdesmuses.com\/opus\/wp-json\/wp\/v2\/media?parent=42"}],"curies":[{"name":"wp","href":"https:\/\/api.w.org\/{rel}","templated":true}]}}