{"id":60,"date":"2019-12-13T19:12:47","date_gmt":"2019-12-13T19:12:47","guid":{"rendered":"http:\/\/www.opusdesmuses.com\/opus\/?page_id=60"},"modified":"2024-12-04T15:45:05","modified_gmt":"2024-12-04T15:45:05","slug":"songe","status":"publish","type":"page","link":"https:\/\/www.opusdesmuses.com\/opus\/songe\/","title":{"rendered":"violon \/ po\u00e9sie"},"content":{"rendered":"<p>[et_pb_section fb_built=\u00a0\u00bb1&Prime; fullwidth=\u00a0\u00bbon\u00a0\u00bb admin_label=\u00a0\u00bbHeader\u00a0\u00bb _builder_version=\u00a0\u00bb4.16&Prime; background_color=\u00a0\u00bb#000000&Prime; global_colors_info=\u00a0\u00bb{}\u00a0\u00bb][\/et_pb_section][et_pb_section fb_built=\u00a0\u00bb1&Prime; admin_label=\u00a0\u00bbCalls to Action\u00a0\u00bb _builder_version=\u00a0\u00bb4.16&Prime; background_color=\u00a0\u00bb#000000&Prime; custom_padding=\u00a0\u00bb||0px|||\u00a0\u00bb global_colors_info=\u00a0\u00bb{}\u00a0\u00bb][et_pb_row _builder_version=\u00a0\u00bb4.16&Prime; custom_padding=\u00a0\u00bb||0px|||\u00a0\u00bb global_colors_info=\u00a0\u00bb{}\u00a0\u00bb][et_pb_column type=\u00a0\u00bb4_4&Prime; _builder_version=\u00a0\u00bb4.16&Prime; global_colors_info=\u00a0\u00bb{}\u00a0\u00bb][et_pb_text _builder_version=\u00a0\u00bb4.16&Prime; text_text_color=\u00a0\u00bbrgba(255,255,255,0.5)\u00a0\u00bb text_font_size=\u00a0\u00bb16px\u00a0\u00bb text_line_height=\u00a0\u00bb1.8em\u00a0\u00bb header_2_font=\u00a0\u00bbMontserrat|300|||||||\u00a0\u00bb header_2_font_size=\u00a0\u00bb70px\u00a0\u00bb header_2_line_height=\u00a0\u00bb1.2em\u00a0\u00bb header_3_font=\u00a0\u00bbMontserrat|700||on|||||\u00a0\u00bb header_3_text_color=\u00a0\u00bb#f9002b\u00a0\u00bb header_3_font_size=\u00a0\u00bb16px\u00a0\u00bb header_3_letter_spacing=\u00a0\u00bb2px\u00a0\u00bb header_3_line_height=\u00a0\u00bb1.4em\u00a0\u00bb background_layout=\u00a0\u00bbdark\u00a0\u00bb header_2_font_size_tablet=\u00a0\u00bb40px\u00a0\u00bb header_2_font_size_phone=\u00a0\u00bb30px\u00a0\u00bb header_2_font_size_last_edited=\u00a0\u00bbon|phone\u00a0\u00bb header_3_font_size_tablet=\u00a0\u00bb14px\u00a0\u00bb header_3_font_size_phone=\u00a0\u00bb\u00a0\u00bb header_3_font_size_last_edited=\u00a0\u00bbon|phone\u00a0\u00bb text_text_align=\u00a0\u00bbleft\u00a0\u00bb locked=\u00a0\u00bboff\u00a0\u00bb global_colors_info=\u00a0\u00bb{}\u00a0\u00bb]<\/p>\n<h2>songe des saisons<\/h2>\n<p>[\/et_pb_text][et_pb_video src=\u00a0\u00bbhttps:\/\/www.opusdesmuses.com\/opus\/wp-content\/uploads\/2019\/12\/Songe-des-saisons2.mp4&Prime; image_src=\u00a0\u00bbhttps:\/\/www.opusdesmuses.com\/opus\/wp-content\/uploads\/2020\/01\/songe.jpg\u00a0\u00bb thumbnail_overlay_color=\u00a0\u00bbrgba(0,0,0,0.6)\u00a0\u00bb src_tablet=\u00a0\u00bb\u00a0\u00bb src_phone=\u00a0\u00bb\u00a0\u00bb src_last_edited=\u00a0\u00bbon|desktop\u00a0\u00bb _builder_version=\u00a0\u00bb4.23.4&Prime; hover_enabled=\u00a0\u00bb0&Prime; global_colors_info=\u00a0\u00bb{}\u00a0\u00bb title_text=\u00a0\u00bbSonge des saisons2&Prime; sticky_enabled=\u00a0\u00bb0&Prime;][\/et_pb_video][\/et_pb_column][\/et_pb_row][\/et_pb_section][et_pb_section fb_built=\u00a0\u00bb1&Prime; admin_label=\u00a0\u00bbCalls to Action\u00a0\u00bb _builder_version=\u00a0\u00bb4.16&Prime; background_color=\u00a0\u00bb#000000&Prime; custom_padding=\u00a0\u00bb0px|||||\u00a0\u00bb global_colors_info=\u00a0\u00bb{}\u00a0\u00bb][et_pb_row column_structure=\u00a0\u00bb1_2,1_2&Prime; use_custom_gutter=\u00a0\u00bbon\u00a0\u00bb gutter_width=\u00a0\u00bb2&Prime; _builder_version=\u00a0\u00bb4.16&Prime; width=\u00a0\u00bb90%\u00a0\u00bb width_tablet=\u00a0\u00bb80%\u00a0\u00bb width_phone=\u00a0\u00bb\u00a0\u00bb width_last_edited=\u00a0\u00bbon|tablet\u00a0\u00bb max_width=\u00a0\u00bbnone\u00a0\u00bb locked=\u00a0\u00bboff\u00a0\u00bb global_colors_info=\u00a0\u00bb{}\u00a0\u00bb][et_pb_column type=\u00a0\u00bb1_2&Prime; _builder_version=\u00a0\u00bb4.16&Prime; global_colors_info=\u00a0\u00bb{}\u00a0\u00bb][et_pb_text _builder_version=\u00a0\u00bb4.16&Prime; global_colors_info=\u00a0\u00bb{}\u00a0\u00bb]<\/p>\n<h1 style=\"text-align: right;\"><span style=\"color: #999999;\"><strong><span style=\"color: #ffffff;\">Violon<\/span><br \/><span style=\"color: #ffffff;\"> Sharman Plesner<\/span><br \/> <\/strong><\/span><\/h1>\n<p>[\/et_pb_text][\/et_pb_column][et_pb_column type=\u00a0\u00bb1_2&Prime; _builder_version=\u00a0\u00bb4.16&Prime; global_colors_info=\u00a0\u00bb{}\u00a0\u00bb][et_pb_text _builder_version=\u00a0\u00bb4.16&Prime; global_colors_info=\u00a0\u00bb{}\u00a0\u00bb]<\/p>\n<h1 style=\"text-align: left;\"><span style=\"color: #999999;\"><strong><span style=\"color: #ffffff;\">Po\u00e9sie<\/span><br \/><span style=\"color: #ffffff;\"> Marion Pannetier<\/span><br \/> <\/strong><\/span><\/h1>\n<p>[\/et_pb_text][\/et_pb_column][\/et_pb_row][et_pb_row use_custom_gutter=\u00a0\u00bbon\u00a0\u00bb gutter_width=\u00a0\u00bb2&Prime; _builder_version=\u00a0\u00bb4.16&Prime; width=\u00a0\u00bb90%\u00a0\u00bb width_tablet=\u00a0\u00bb80%\u00a0\u00bb width_phone=\u00a0\u00bb\u00a0\u00bb width_last_edited=\u00a0\u00bbon|tablet\u00a0\u00bb max_width=\u00a0\u00bbnone\u00a0\u00bb min_height=\u00a0\u00bb286.1px\u00a0\u00bb custom_padding=\u00a0\u00bb||1px|||\u00a0\u00bb locked=\u00a0\u00bboff\u00a0\u00bb global_colors_info=\u00a0\u00bb{}\u00a0\u00bb][et_pb_column type=\u00a0\u00bb4_4&Prime; _builder_version=\u00a0\u00bb4.16&Prime; global_colors_info=\u00a0\u00bb{}\u00a0\u00bb][et_pb_text _builder_version=\u00a0\u00bb4.16&Prime; min_height=\u00a0\u00bb196px\u00a0\u00bb custom_margin=\u00a0\u00bb||87px|||\u00a0\u00bb inline_fonts=\u00a0\u00bbGeorgia\u00a0\u00bb global_colors_info=\u00a0\u00bb{}\u00a0\u00bb]<\/p>\n<h4 style=\"text-align: center;\"><span style=\"color: #ffffff;\"><span style=\"font-family: inherit; font-weight: normal;\"><\/span><\/span><\/h4>\n<h4 style=\"text-align: center;\"><span style=\"color: #ffffff;\"><span style=\"font-family: inherit; font-weight: normal;\"><\/span><\/span><\/h4>\n<h4 style=\"text-align: center;\"><span style=\"color: #ffffff;\"><span style=\"font-family: inherit; font-weight: normal;\">La <strong>musique<\/strong> parle. Elle parle de la vie, de la nature, du temps qui passe.\u00a0<\/span><span style=\"font-family: inherit; font-weight: normal;\">Elle nous donne \u00e0 penser\u2026 sans y penser.<\/span><\/span><\/h4>\n<p><span style=\"color: #ffffff; font-family: inherit; font-weight: normal;\"><\/span><\/p>\n<p><span style=\"color: #ffffff; font-family: inherit; font-weight: normal;\"><\/span><\/p>\n<h4 style=\"text-align: center;\"><span style=\"color: #ffffff;\"><span style=\"font-family: inherit; font-weight: normal;\">Les <strong>po\u00e8mes<\/strong> nous sont offerts comme un prolongement de la musique.\u00a0<\/span><span style=\"font-family: inherit; font-weight: normal;\">Ils lui font \u00e9cho, ils en sont le miroir que les artistes nous tendent.<\/span><\/span><\/h4>\n<h4 style=\"text-align: center;\"><span style=\"color: #ffffff; font-family: inherit; font-weight: normal;\"><strong><\/strong><\/span><\/h4>\n<h4 style=\"text-align: center;\"><span style=\"color: #ffffff; font-family: inherit; font-weight: normal;\"><strong>Songe des saisons<\/strong>, c\u2019est un concert en po\u00e9sies, un projet ambitieux o\u00f9 la virtuosit\u00e9 le dispute au merveilleux.<\/span><span style=\"font-family: inherit; font-weight: normal;\"><span color=\"#ffffff\" style=\"color: #ffffff;\"> Il nous donne \u00e0 penser, <\/span><\/span><\/h4>\n<h4 style=\"text-align: center;\"><span style=\"font-family: inherit; font-weight: normal;\"><span color=\"#ffffff\" style=\"color: #ffffff;\">\u00e0 <\/span><\/span><span style=\"font-family: inherit; font-weight: normal;\"><span color=\"#ffffff\" style=\"color: #ffffff;\">entendre,<\/span>\u00a0<span style=\"color: #ffffff;\">\u00e0\u00a0<\/span><\/span><span style=\"font-size: 18px; color: #ffffff;\"><span style=\"font-family: inherit;\">r\u00eaver, \u00e0 esp\u00e9rer.<\/span><\/span><\/h4>\n<h4 style=\"text-align: center;\"><\/h4>\n<h4 style=\"text-align: center;\"><span style=\"color: #ffffff; font-family: inherit; font-weight: normal;\">Du printemps \u00e0 l\u2019hiver, une ann\u00e9e, une vie\u2026 une heure.<\/span><\/h4>\n<p>[\/et_pb_text][\/et_pb_column][\/et_pb_row][et_pb_row column_structure=\u00a0\u00bb1_4,1_4,1_4,1_4&Prime; _builder_version=\u00a0\u00bb4.16&Prime; global_colors_info=\u00a0\u00bb{}\u00a0\u00bb][et_pb_column type=\u00a0\u00bb1_4&Prime; _builder_version=\u00a0\u00bb4.16&Prime; global_colors_info=\u00a0\u00bb{}\u00a0\u00bb][et_pb_image src=\u00a0\u00bbhttps:\/\/www.opusdesmuses.com\/opus\/wp-content\/uploads\/2024\/02\/Sharman-Songe.jpg\u00a0\u00bb title_text=\u00a0\u00bbSharman Songe\u00a0\u00bb _builder_version=\u00a0\u00bb4.23.4&Prime; global_colors_info=\u00a0\u00bb{}\u00a0\u00bb][\/et_pb_image][\/et_pb_column][et_pb_column type=\u00a0\u00bb1_4&Prime; _builder_version=\u00a0\u00bb4.16&Prime; global_colors_info=\u00a0\u00bb{}\u00a0\u00bb][et_pb_image src=\u00a0\u00bbhttps:\/\/www.opusdesmuses.com\/opus\/wp-content\/uploads\/2024\/02\/Duo-2-Songe.jpg\u00a0\u00bb title_text=\u00a0\u00bbDuo 2 Songe\u00a0\u00bb _builder_version=\u00a0\u00bb4.23.4&Prime; global_colors_info=\u00a0\u00bb{}\u00a0\u00bb][\/et_pb_image][\/et_pb_column][et_pb_column type=\u00a0\u00bb1_4&Prime; _builder_version=\u00a0\u00bb4.16&Prime; global_colors_info=\u00a0\u00bb{}\u00a0\u00bb][et_pb_image src=\u00a0\u00bbhttps:\/\/www.opusdesmuses.com\/opus\/wp-content\/uploads\/2024\/02\/Marion-Songe.jpg\u00a0\u00bb title_text=\u00a0\u00bbMarion Songe\u00a0\u00bb _builder_version=\u00a0\u00bb4.23.4&Prime; global_colors_info=\u00a0\u00bb{}\u00a0\u00bb][\/et_pb_image][\/et_pb_column][et_pb_column type=\u00a0\u00bb1_4&Prime; _builder_version=\u00a0\u00bb4.16&Prime; global_colors_info=\u00a0\u00bb{}\u00a0\u00bb][et_pb_image src=\u00a0\u00bbhttps:\/\/www.opusdesmuses.com\/opus\/wp-content\/uploads\/2024\/02\/Duo-1-Songe.jpg\u00a0\u00bb title_text=\u00a0\u00bbDuo 1 Songe\u00a0\u00bb _builder_version=\u00a0\u00bb4.23.4&Prime; global_colors_info=\u00a0\u00bb{}\u00a0\u00bb][\/et_pb_image][\/et_pb_column][\/et_pb_row][et_pb_row column_structure=\u00a0\u00bb1_2,1_2&Prime; _builder_version=\u00a0\u00bb4.23.4&Prime; _module_preset=\u00a0\u00bbdefault\u00a0\u00bb global_colors_info=\u00a0\u00bb{}\u00a0\u00bb][et_pb_column type=\u00a0\u00bb1_2&Prime; _builder_version=\u00a0\u00bb4.23.4&Prime; _module_preset=\u00a0\u00bbdefault\u00a0\u00bb global_colors_info=\u00a0\u00bb{}\u00a0\u00bb][et_pb_image src=\u00a0\u00bbhttps:\/\/www.opusdesmuses.com\/opus\/wp-content\/uploads\/2024\/02\/Modele-Affiche.jpg\u00a0\u00bb title_text=\u00a0\u00bbMode\u0300le Affiche\u00a0\u00bb _builder_version=\u00a0\u00bb4.23.4&Prime; _module_preset=\u00a0\u00bbdefault\u00a0\u00bb global_colors_info=\u00a0\u00bb{}\u00a0\u00bb][\/et_pb_image][\/et_pb_column][et_pb_column type=\u00a0\u00bb1_2&Prime; _builder_version=\u00a0\u00bb4.23.4&Prime; _module_preset=\u00a0\u00bbdefault\u00a0\u00bb global_colors_info=\u00a0\u00bb{}\u00a0\u00bb][et_pb_image src=\u00a0\u00bbhttps:\/\/www.opusdesmuses.com\/opus\/wp-content\/uploads\/2024\/02\/Article-Songe.jpg\u00a0\u00bb title_text=\u00a0\u00bbArticle Songe\u00a0\u00bb _builder_version=\u00a0\u00bb4.23.4&Prime; _module_preset=\u00a0\u00bbdefault\u00a0\u00bb global_colors_info=\u00a0\u00bb{}\u00a0\u00bb][\/et_pb_image][\/et_pb_column][\/et_pb_row][\/et_pb_section]<\/p>\n","protected":false},"excerpt":{"rendered":"<p>songe des saisonsViolon Sharman Plesner Po\u00e9sie Marion Pannetier La musique parle. Elle parle de la vie, de la nature, du temps qui passe.\u00a0Elle nous donne \u00e0 penser\u2026 sans y penser. Les po\u00e8mes nous sont offerts comme un prolongement de la musique.\u00a0Ils lui font \u00e9cho, ils en sont le miroir que les artistes nous tendent. Songe [&hellip;]<\/p>\n","protected":false},"author":1,"featured_media":0,"parent":0,"menu_order":0,"comment_status":"closed","ping_status":"closed","template":"","meta":{"_et_pb_use_builder":"on","_et_pb_old_content":"","_et_gb_content_width":"","footnotes":""},"class_list":["post-60","page","type-page","status-publish","hentry"],"_links":{"self":[{"href":"https:\/\/www.opusdesmuses.com\/opus\/wp-json\/wp\/v2\/pages\/60","targetHints":{"allow":["GET"]}}],"collection":[{"href":"https:\/\/www.opusdesmuses.com\/opus\/wp-json\/wp\/v2\/pages"}],"about":[{"href":"https:\/\/www.opusdesmuses.com\/opus\/wp-json\/wp\/v2\/types\/page"}],"author":[{"embeddable":true,"href":"https:\/\/www.opusdesmuses.com\/opus\/wp-json\/wp\/v2\/users\/1"}],"replies":[{"embeddable":true,"href":"https:\/\/www.opusdesmuses.com\/opus\/wp-json\/wp\/v2\/comments?post=60"}],"version-history":[{"count":24,"href":"https:\/\/www.opusdesmuses.com\/opus\/wp-json\/wp\/v2\/pages\/60\/revisions"}],"predecessor-version":[{"id":2364,"href":"https:\/\/www.opusdesmuses.com\/opus\/wp-json\/wp\/v2\/pages\/60\/revisions\/2364"}],"wp:attachment":[{"href":"https:\/\/www.opusdesmuses.com\/opus\/wp-json\/wp\/v2\/media?parent=60"}],"curies":[{"name":"wp","href":"https:\/\/api.w.org\/{rel}","templated":true}]}}